{"id":2166,"date":"2015-10-27T13:34:23","date_gmt":"2015-10-27T17:34:23","guid":{"rendered":"http:\/\/levylab.bwh.harvard.edu\/?page_id=2166"},"modified":"2024-12-12T18:47:56","modified_gmt":"2024-12-12T23:47:56","slug":"people","status":"publish","type":"page","link":"https:\/\/levylab.bwh.harvard.edu\/?page_id=2166","title":{"rendered":"People"},"content":{"rendered":"<div class='content-column one_third'><div style=\"padding-right:5px;padding-bottom:5px;padding-left:5px;\"><p><a href=\"http:\/\/levylab.bwh.harvard.edu\/wp-content\/uploads\/2019\/02\/1051.jpg\"><img loading=\"lazy\" decoding=\"async\" class=\"alignnone wp-image-3242 \" src=\"http:\/\/levylab.bwh.harvard.edu\/wp-content\/uploads\/2019\/02\/1051-300x300.jpg\" alt=\"\" width=\"318\" height=\"318\" srcset=\"https:\/\/levylab.bwh.harvard.edu\/wp-content\/uploads\/2019\/02\/1051-300x300.jpg 300w, https:\/\/levylab.bwh.harvard.edu\/wp-content\/uploads\/2019\/02\/1051-150x150.jpg 150w, https:\/\/levylab.bwh.harvard.edu\/wp-content\/uploads\/2019\/02\/1051.jpg 600w\" sizes=\"auto, (max-width: 318px) 100vw, 318px\" \/><\/a><\/p><\/div><\/div>\n<div class='content-column two_third last_column'><div style=\"padding-right:5px;padding-bottom:5px;padding-left:5px;\"><p><strong>Bruce D. Levy, MD\u00a0<\/strong><\/p>\n<p>Dr. Levy is the Parker B. Francis Professor of Medicine at Brigham and Women\u2019s Hospital and the Chair of the Department of Medicine. Bruce received his MD from the University of Pennsylvania School of Medicine. He completed his internship and residency in Internal Medicine and his fellowship in Pulmonary and Critical Care at Brigham and Women\u2019s Hospital. He was a post-doctoral fellow in the laboratory of Dr. Charles Serhan.\u00a0 Research undertaken in the Levy laboratory focuses on the roles of endogenous counter-regulatory mediators in the lung. The lab\u2019s mission is \u201cto identify novel pathways and cellular targets that promote resolution of pulmonary inflammation or injury and to determine roles for naturally-derived, specialized pro-resolving mediators in lung health and disease as well as their potential as templates for rational new drug design.\u201d A list of Dr. Levy\u2019s publications can be found on <a href=\"http:\/\/www.ncbi.nlm.nih.gov\/sites\/entrez?cmd=Search&amp;db=PubMed&amp;term=brigham%20women%27s%20AND%20levy_bd%5Bau%5D\" target=\"_blank\" rel=\"noopener noreferrer\">Pubmed<\/a>.<\/p>\n<p>Email: <a href=\"mailto:blevy@bwh.harvard.edu\">blevy@bwh.harvard.edu<\/a><\/p><\/div><\/div><div class='clear_column'><\/div>\n[vc_tta_accordion color=&#8221;white&#8221; active_section=1&#8243; &#8221; collapsible_all=&#8221;true&#8221;][vc_tta_section title=&#8221;LAB MEMBERS&#8221; tab_id=&#8221;1445968286153-b1a19ba9-497c&#8221;]\n<div class='content-column one_fourth'><div style=\"padding-right:5px;padding-bottom:5px;padding-left:5px;\"><p><a href=\"https:\/\/levylab.bwh.harvard.edu\/wp-content\/uploads\/2024\/06\/Screenshot-2024-06-10-at-11.10.12-AM.png\"><img loading=\"lazy\" decoding=\"async\" class=\"alignnone  wp-image-4221\" src=\"https:\/\/levylab.bwh.harvard.edu\/wp-content\/uploads\/2024\/06\/Screenshot-2024-06-10-at-11.10.12-AM-270x300.png\" alt=\"\" width=\"228\" height=\"253\" srcset=\"https:\/\/levylab.bwh.harvard.edu\/wp-content\/uploads\/2024\/06\/Screenshot-2024-06-10-at-11.10.12-AM-270x300.png 270w, https:\/\/levylab.bwh.harvard.edu\/wp-content\/uploads\/2024\/06\/Screenshot-2024-06-10-at-11.10.12-AM-768x854.png 768w, https:\/\/levylab.bwh.harvard.edu\/wp-content\/uploads\/2024\/06\/Screenshot-2024-06-10-at-11.10.12-AM.png 826w\" sizes=\"auto, (max-width: 228px) 100vw, 228px\" \/><\/a><\/p>\n<p><a href=\"http:\/\/levylab.bwh.harvard.edu\/wp-content\/uploads\/2019\/02\/Screen-Shot-2019-02-18-at-3.04.48-PM.png\"><img loading=\"lazy\" decoding=\"async\" class=\"alignnone wp-image-3254 \" src=\"http:\/\/levylab.bwh.harvard.edu\/wp-content\/uploads\/2019\/02\/Screen-Shot-2019-02-18-at-3.04.48-PM-300x300.png\" alt=\"\" width=\"232\" height=\"232\" srcset=\"https:\/\/levylab.bwh.harvard.edu\/wp-content\/uploads\/2019\/02\/Screen-Shot-2019-02-18-at-3.04.48-PM-300x300.png 300w, https:\/\/levylab.bwh.harvard.edu\/wp-content\/uploads\/2019\/02\/Screen-Shot-2019-02-18-at-3.04.48-PM-150x150.png 150w, https:\/\/levylab.bwh.harvard.edu\/wp-content\/uploads\/2019\/02\/Screen-Shot-2019-02-18-at-3.04.48-PM.png 304w\" sizes=\"auto, (max-width: 232px) 100vw, 232px\" \/><\/a><\/p>\n<p><a href=\"http:\/\/levylab.bwh.harvard.edu\/wp-content\/uploads\/2019\/02\/Screen-Shot-2019-02-18-at-3.04.41-PM.png\"><img loading=\"lazy\" decoding=\"async\" class=\"alignnone wp-image-3257 \" src=\"http:\/\/levylab.bwh.harvard.edu\/wp-content\/uploads\/2019\/02\/Screen-Shot-2019-02-18-at-3.04.41-PM-300x300.png\" alt=\"\" width=\"234\" height=\"234\" srcset=\"https:\/\/levylab.bwh.harvard.edu\/wp-content\/uploads\/2019\/02\/Screen-Shot-2019-02-18-at-3.04.41-PM-300x300.png 300w, https:\/\/levylab.bwh.harvard.edu\/wp-content\/uploads\/2019\/02\/Screen-Shot-2019-02-18-at-3.04.41-PM-150x150.png 150w, https:\/\/levylab.bwh.harvard.edu\/wp-content\/uploads\/2019\/02\/Screen-Shot-2019-02-18-at-3.04.41-PM.png 302w\" sizes=\"auto, (max-width: 234px) 100vw, 234px\" \/><\/a><\/p>\n<p><a href=\"http:\/\/levylab.bwh.harvard.edu\/wp-content\/uploads\/2019\/02\/Screen-Shot-2019-02-18-at-3.05.14-PM.png\"><img loading=\"lazy\" decoding=\"async\" class=\"alignnone wp-image-3258 \" src=\"http:\/\/levylab.bwh.harvard.edu\/wp-content\/uploads\/2019\/02\/Screen-Shot-2019-02-18-at-3.05.14-PM-300x298.png\" alt=\"\" width=\"236\" height=\"234\" srcset=\"https:\/\/levylab.bwh.harvard.edu\/wp-content\/uploads\/2019\/02\/Screen-Shot-2019-02-18-at-3.05.14-PM-300x298.png 300w, https:\/\/levylab.bwh.harvard.edu\/wp-content\/uploads\/2019\/02\/Screen-Shot-2019-02-18-at-3.05.14-PM-150x150.png 150w, https:\/\/levylab.bwh.harvard.edu\/wp-content\/uploads\/2019\/02\/Screen-Shot-2019-02-18-at-3.05.14-PM.png 303w\" sizes=\"auto, (max-width: 236px) 100vw, 236px\" \/><\/a><\/p>\n<p><a href=\"http:\/\/levylab.bwh.harvard.edu\/wp-content\/uploads\/2019\/02\/Screen-Shot-2019-02-18-at-3.05.04-PM.png\"><img loading=\"lazy\" decoding=\"async\" class=\"alignnone wp-image-3261 \" src=\"http:\/\/levylab.bwh.harvard.edu\/wp-content\/uploads\/2019\/02\/Screen-Shot-2019-02-18-at-3.05.04-PM-300x296.png\" alt=\"\" width=\"240\" height=\"237\" srcset=\"https:\/\/levylab.bwh.harvard.edu\/wp-content\/uploads\/2019\/02\/Screen-Shot-2019-02-18-at-3.05.04-PM-300x296.png 300w, https:\/\/levylab.bwh.harvard.edu\/wp-content\/uploads\/2019\/02\/Screen-Shot-2019-02-18-at-3.05.04-PM.png 307w\" sizes=\"auto, (max-width: 240px) 100vw, 240px\" \/><\/a><\/p>\n<p><a href=\"https:\/\/levylab.bwh.harvard.edu\/wp-content\/uploads\/2022\/08\/IMG-2894.jpg\"><img loading=\"lazy\" decoding=\"async\" class=\"alignnone wp-image-4141 \" src=\"https:\/\/levylab.bwh.harvard.edu\/wp-content\/uploads\/2022\/08\/IMG-2894-e1660934814789-281x300.jpg\" alt=\"\" width=\"244\" height=\"261\" srcset=\"https:\/\/levylab.bwh.harvard.edu\/wp-content\/uploads\/2022\/08\/IMG-2894-e1660934814789-281x300.jpg 281w, https:\/\/levylab.bwh.harvard.edu\/wp-content\/uploads\/2022\/08\/IMG-2894-e1660934814789.jpg 633w\" sizes=\"auto, (max-width: 244px) 100vw, 244px\" \/><\/a><\/p>\n<p><a href=\"https:\/\/levylab.bwh.harvard.edu\/wp-content\/uploads\/2021\/01\/Screen-Shot-2021-01-27-at-6.29.06-PM.png\"><img loading=\"lazy\" decoding=\"async\" class=\"alignnone  wp-image-3883\" src=\"https:\/\/levylab.bwh.harvard.edu\/wp-content\/uploads\/2021\/01\/Screen-Shot-2021-01-27-at-6.29.06-PM-298x300.png\" alt=\"\" width=\"243\" height=\"245\" srcset=\"https:\/\/levylab.bwh.harvard.edu\/wp-content\/uploads\/2021\/01\/Screen-Shot-2021-01-27-at-6.29.06-PM-298x300.png 298w, https:\/\/levylab.bwh.harvard.edu\/wp-content\/uploads\/2021\/01\/Screen-Shot-2021-01-27-at-6.29.06-PM-150x150.png 150w, https:\/\/levylab.bwh.harvard.edu\/wp-content\/uploads\/2021\/01\/Screen-Shot-2021-01-27-at-6.29.06-PM-768x773.png 768w, https:\/\/levylab.bwh.harvard.edu\/wp-content\/uploads\/2021\/01\/Screen-Shot-2021-01-27-at-6.29.06-PM.png 894w\" sizes=\"auto, (max-width: 243px) 100vw, 243px\" \/><\/a><\/p>\n<p><a href=\"https:\/\/levylab.bwh.harvard.edu\/wp-content\/uploads\/2022\/10\/6031652f-cc61-442f-8bfa-ed76c726f2a4-e1664892462135.jpg\"><img loading=\"lazy\" decoding=\"async\" class=\"alignnone wp-image-4145 \" src=\"https:\/\/levylab.bwh.harvard.edu\/wp-content\/uploads\/2022\/10\/6031652f-cc61-442f-8bfa-ed76c726f2a4-e1664892462135-275x300.jpg\" alt=\"\" width=\"246\" height=\"268\" srcset=\"https:\/\/levylab.bwh.harvard.edu\/wp-content\/uploads\/2022\/10\/6031652f-cc61-442f-8bfa-ed76c726f2a4-e1664892462135-275x300.jpg 275w, https:\/\/levylab.bwh.harvard.edu\/wp-content\/uploads\/2022\/10\/6031652f-cc61-442f-8bfa-ed76c726f2a4-e1664892462135.jpg 583w\" sizes=\"auto, (max-width: 246px) 100vw, 246px\" \/><\/a><\/p>\n<p><a href=\"http:\/\/levylab.bwh.harvard.edu\/wp-content\/uploads\/2019\/02\/Screen-Shot-2019-02-18-at-3.05.51-PM.png\"><img loading=\"lazy\" decoding=\"async\" class=\"alignnone wp-image-3264 \" src=\"http:\/\/levylab.bwh.harvard.edu\/wp-content\/uploads\/2019\/02\/Screen-Shot-2019-02-18-at-3.05.51-PM-296x300.png\" alt=\"\" width=\"245\" height=\"248\" srcset=\"https:\/\/levylab.bwh.harvard.edu\/wp-content\/uploads\/2019\/02\/Screen-Shot-2019-02-18-at-3.05.51-PM-296x300.png 296w, https:\/\/levylab.bwh.harvard.edu\/wp-content\/uploads\/2019\/02\/Screen-Shot-2019-02-18-at-3.05.51-PM.png 299w\" sizes=\"auto, (max-width: 245px) 100vw, 245px\" \/><\/a><\/p><\/div><\/div>\n<div class='content-column three_fourth last_column'><div style=\"padding-right:5px;padding-bottom:5px;padding-left:5px;\"><div class=\"vcex-spacing wpex-w-100 wpex-clear\" style=\"height:2px\"><\/div>\n<div class=\"vcex-spacing wpex-w-100 wpex-clear\" style=\"height:0\"><\/div>\n<p><b class=\"\">Marjorie \u201cBetsy\u201d Bateman, MD<\/b><\/p>\n<p><b class=\"\"> <\/b><span class=\"\">Betsy completed her MD, Internal Medicine Residency, and Chief Residency at Tulane University School of Medicine. She is currently a Pulmonary and Critical Care Medicine fellow in the Brigham and Women\u2019s\/Harvard Fellowship Program. Betsy joined the Levy Lab in 2023, and her research investigates the role of club cell secretory protein 16 (CC16) in resolution of lung injury. Betsy\u2019s ultimate goal is to identify therapeutic targets that can lead to improvements in outcomes for patients with ARDS. Email: <\/span><a class=\"\" title=\"mailto:mbateman@bwh.harvard.edu\" href=\"mailto:mbateman@bwh.harvard.edu\" data-outlook-id=\"b276936f-83c1-43eb-831f-06cb628fe767\"><span class=\"\">mbateman@bwh.harvard.edu<\/span><\/a><span class=\"\">.\u00a0<\/span><\/p>\n<div class=\"vcex-spacing wpex-w-100 wpex-clear\" style=\"height:100px\"><\/div>\n<div id=\"divtagdefaultwrapper\" dir=\"ltr\">\n<div id=\"divtagdefaultwrapper\" dir=\"ltr\">\n<p><strong>Thayse Regina Bruggemann, PhD<\/strong><\/p>\n<p>Thayse received her PhD in Medical Sciences from School of Medicine of Sao Paulo University \u2013 Brazil (June 2017). In June 2017 she joined Levy Lab for a postdoctoral fellowship. Her interest is to extend the knowledge about the connection of the immune system with the specialized pro-resolving mediators pathways in different lung diseases subsets. She is currently working on the <i>in vivo<\/i> and <i>in vitro<\/i> roles and mechanisms for phospholipid phosphatase 6 regulation of specific cell functions on macrophages and dendritic cells. A list of Thayse&#8217;s publications can be found on <a href=\"https:\/\/www-ncbi-nlm-nih-gov.ezp-prod1.hul.harvard.edu\/sites\/myncbi\/1FiDfmys5wNE2X\/bibliography\/54892516\/public\/?sort=date&amp;direction=descending\" target=\"_blank\" rel=\"noopener noreferrer\">Pubmed<\/a>. Email: <a href=\"mailto:tbruggemann@partners.org\" target=\"_blank\" rel=\"noopener noreferrer\">tbruggemann@partners.org<\/a><\/p>\n<\/div>\n<div class=\"vcex-spacing wpex-w-100 wpex-clear\" style=\"height:40px\"><\/div>\n<div class=\"vcex-spacing wpex-w-100 wpex-clear\" style=\"height:10px\"><\/div>\n<p><strong>Rebecca Elaine Cagnina, MD, PhD<\/strong><\/p>\n<p>Elaine received her MD and PhD degrees in 2010\u00a0as part of the Medical Scientist Training Program at the University of Virginia. \u00a0 She subsequently completed residency in\u00a0Internal Medicine\u00a0and a fellowship in\u00a0Pulmonary and Critical Care Medicine at the University of Virginia before joining\u00a0their faculty in 2016. \u00a0She moved to BWH and joined the Levy Lab in 2018. \u00a0H<span class=\"\">er current research investigates the host immune response in a mouse model of\u00a0<\/span><i class=\"\"><span class=\"\">Aspergillus<\/span><\/i><span class=\"\">\u00a0lung injury.\u00a0 More broadly, she is interested in how innate immune cells influence\u00a0the development of effective adaptive immunity in the context of pulmonary infections with the\u00a0<\/span><span class=\"\">goal of applying\u00a0<\/span><span class=\"\">new insights\u00a0<\/span><span class=\"\">to the development of novel therapies.\u00a0<\/span>Email:\u00a0rcagnina@bwh.harvard.edu<\/p>\n<\/div>\n<div class=\"vcex-spacing wpex-w-100 wpex-clear\" style=\"height:30px\"><\/div>\n<p><strong>Melody Duvall, MD, PhD<\/strong><\/p>\n<p>Melody received her PhD in Immunology from Oxford University, United Kingdom, in 2006 through the NIH-Oxford Graduate Partnership Program and her MD from Washington University in St. Louis School of Medicine in 2008. She completed her pediatrics residency at Boston Children\u2019s Hospital in 2012 and her pediatric critical care medicine fellowship at Boston Children\u2019s Hospital in 2015. She joined the Levy lab in 2014. Melody is investigating the phenotype and function of innate mediators of immunity (in particular innate lymphoid cells (ILCs), natural killer (NK) cells, and mucosal associated invariant T (MAIT) cells in human children with viral lung infection and respiratory failure.\u00a0 A list of Melody\u2019s publications can be found on <a href=\"http:\/\/www.ncbi.nlm.nih.gov\/myncbi\/browse\/collection\/48441764\/?sort=date&amp;direction=descending\" target=\"_blank\" rel=\"noopener noreferrer\">Pubmed<\/a>. Email:\u00a0<a href=\"mailto:mduvall@partners.org\" target=\"_blank\" rel=\"noopener noreferrer\">mduvall@partners.org<\/a><\/p>\n<div class=\"vcex-spacing wpex-w-100 wpex-clear\" style=\"height:7px\"><\/div>\n<p><strong>Nandini Krishnamoorthy, PhD<\/strong><\/p>\n<p>The overarching theme of Nandini&#8217;s research has been the identification of pathways that bridge innate and adaptive immune systems. During her PhD and postdoctoral work, she has been involved in studies that explore this connection along multiple dimensions. She is particularly interested in understanding mechanisms behind regulatory T cells dysfunctional during chronic inflammation. She is currently dissecting the cellular interactions between innate lymphoid cells and regulatory T cells in the setting of <span class=\"Data_0020Field_002011pt_002dSingle__Char\">Respiratory Syncytial Virus (RSV)<\/span>. A complete list of Nandini&#8217;s publications can be found at <a href=\"http:\/\/www.ncbi.nlm.nih.gov\/myncbi\/browse\/collection\/42404495\/?sort=date&amp;direction=descending\" target=\"_blank\" rel=\"noopener noreferrer\">Pubmed<\/a>. Email: <a href=\"mailto:nkrishnamoorthy@bwh.harvard.edu\">nkrishnamoorthy@bwh.harvard.edu<\/a><\/p>\n<div class=\"vcex-spacing wpex-w-100 wpex-clear\" style=\"height:45px\"><\/div>\n<p><strong>Mary Elizabeth Moss, MD, PhD<\/strong><\/p>\n<div class=\"x_elementToProof\">Liz completed her MD and PhD at Tufts University School of Medicine in 2021 as part of the Medical Scientists Training Program. Her PhD work focused on sex differences in vascular inflammation in atherosclerosis, particularly as it relates to hormone signaling in endothelial cells. She is now a resident in Pediatrics at Boston Children&#8217;s Hospital in a research track. She joined Dr. Levy&#8217;s lab in the summer of 2022, studying sex differences in various models of lung inflammation including influenza infection and asthma. She plans to continue her research in a Pediatric Pulmonary fellowship in the future.<\/div>\n<div class=\"x_elementToProof\">Publications: <a id=\"LPlnk719255\" href=\"https:\/\/orcid.org\/0000-0002-9761-7263Previewpublicrecord\" target=\"_blank\" rel=\"noopener noreferrer\" data-auth=\"NotApplicable\" data-linkindex=\"0\">https:\/\/orcid.org\/0000-0002-9761-7263<\/a><\/div>\n<div class=\"x_elementToProof\">Email: mmoss3@partners.org<\/div>\n<div class=\"vcex-spacing wpex-w-100 wpex-clear\" style=\"height:45px\"><\/div>\n<p><strong>Julie Nijmeh, PhD<\/strong><\/p>\n<p>Julie received her PhD in Environmental Health Sciences, <em>Phi Beta Kappa<\/em> from Bloomberg School of Public Health at Johns Hopkins University studying ischemia-induced angiogenesis in animal models of pulmonary embolism. Prior to that she received her BSc from the American University of Beirut in Biology and her MSc in Molecular Pharmacology and Structural Biology from Thomas Jefferson University studying inhibitors of apoptosis proteins (IAPs) in Drosophila models. Julie has been working in the academic field as a science writer and editor, with expertise in grant writing and project management. Email: <a href=\"mailto:lupt26@gmail.com\">jnijmeh@bwh.harvard.edu<\/a><\/p>\n<div class=\"vcex-spacing wpex-w-100 wpex-clear\" style=\"height:60px\"><\/div>\n<p><strong>Luciana Tavares, PhD<\/strong><\/p>\n<div><span lang=\"en-US\">Luciana received her PhD in Immunology from Universidade Federal de Minas Gerais &#8211; Brazil in 2018. She joined Dr. Bruce Levy&#8217;s lab in 2017, where she did part of her PhD project. Now she is a post-doctoral fellow in the Levy&#8217;s lab. Her main interest is to understand the role of inflammation and resolution during lung infections, especially influenza and pneumococcal coinfections. <\/span>Email:\u00a0<a href=\"mailto:lupt26@gmail.com\">lpaduatavares@bwh.harvard.edu<\/a><\/div>\n<div class=\"vcex-spacing wpex-w-100 wpex-clear\" style=\"height:140px\"><\/div>\n<p><strong>Guangli Zhu, MD<\/strong><\/p>\n<p>Guangli is a senior technician in the Levy Lab. Gualngli received her M.D. from China where she trained in anesthesiology and surgery. She has been working in Dr. Levy\u2019s lab since 2006 on the murine model of asthma and acute lung injury. Guangli is responsible for maintaining lab supply inventory as well as ordering supplies, equipment and reagents for the lab. Email:\u00a0<a href=\"mailto:gzhu@rics.bwh.harvard.edu\">gzhu@rics.bwh.harvard.edu<\/a><\/p>\n<div class=\"vcex-spacing wpex-w-100 wpex-clear\" style=\"height:110px\"><\/div><\/div><\/div><div class='clear_column'><\/div>\n[vc_tta_accordion color=&#8221;white&#8221; active_section=1&#8243; &#8221; collapsible_all=&#8221;true&#8221;][vc_tta_section title=&#8221;Alumni&#8221; tab_id=&#8221;1445968286153-b1a19ba9-497c&#8221;]\n<div class='content-column one_half'><div style=\"padding-right:5px;padding-bottom:5px;padding-left:5px;\"><p><strong>Ajantha Nadesalingam<\/strong>, Student,\u00a0Ontario Science Centre School, Toronto, Canada<\/p>\n<p><strong>Alexandre de Paula Rogerio,<\/strong> Associate Professor, Federal University of Tri\u00e2ngulo Mineiro, Sao Paolo, Brazil<\/p>\n<p><strong>Alexander H. Tavares,<\/strong> Graduate School, Boston University, Boston, USA<\/p>\n<p><strong>Anna Planaguma,<\/strong> Research Scientist, Almirall Pharmaceuticals, Barcelona, Spain<\/p>\n<p><strong>Ay\u015fe K\u0131l\u0131\u04ab,\u00a0<\/strong>Senior Scientist, Germany<\/p>\n<p><strong>Bakr Jundi, <\/strong>Internal Medicine Resident, SUNY Downstate Health Sciences University, Brooklyn, NY<\/p>\n<p><strong>Braden D. Engstrom,\u00a0<\/strong>Medical Student, University of Michigan, Ann Arbor, Michigan<\/p>\n<p><strong>Caroline Bonnans,<\/strong> Researcher, INSERM, Montpelier, France<\/p>\n<p><strong>Christianah Tolulope Ademuwagun,\u00a0<\/strong>Medical Student, Howard University College of Medicine, USA<\/p>\n<p><strong>Cindy Barnig<\/strong>, Assistant Professor, Departement de Pathologie Thoracique &#8211; Nouvel Hopital Civil Strasbourg, France<\/p>\n<p><strong>Cindy Hana Okuma<\/strong>, Postdoctoral Research Fellow, &#8211; University of Sao Paulo, Sao Paulo, Brazil<\/p>\n<p><strong>David Douda,<\/strong> Research Scientist, Therapeutics R&amp;D, Zymeworks Inc.<\/p>\n<p><strong>Emiko Ono, <\/strong>Postdoctoral scholar, Weill-Cornell Medicine, New York, NY<\/p>\n<p><strong>Ethan William Smith, <\/strong>Medical Student, University of Colorado School of Medicine<\/p>\n<p><b>Fiona A<\/b>\u00a0<b>Ringholz,\u00a0<\/b>Consultant, Our Lady&#8217;s Children Hospital, Dublin, Ireland<\/p>\n<p><strong>Francesca Levi-Schaffer<\/strong>, Professor, The Hebrew University of Jerusalem, Dept. of Pharmacology, Jerusalem, Israel<\/p>\n<p><strong>Frantz Hastrup<\/strong>, Intensivist, Overlake Medical Center, Seattle, WA<\/p>\n<p><strong>Geoffrey Rubin<\/strong>, Internal Medicine Resident, Columbia University College of Physicians &amp; Surgeons, New York, NY<\/p>\n<p><strong>Hiroyuki Seki,<\/strong> Assistant Professor, Keio University, Anesthesiologist, Saiseikai-Chuo Hospital, Tokyo, Japan<\/p>\n<p><strong>Yuan Sun, <\/strong>United Kingdom<\/p>\n<p><strong>Ho Pan (Andy) Sham, <\/strong>Research Scientist, Qu Biologics<\/p>\n<p><strong>Hong Yong Peh, <\/strong>Instructor, National University of Singapore<\/p>\n<p><strong>Ingibjorg Haroardottier<\/strong>, Professor in Biochemistry and Molecular Biology Biomedical Center, Faculty of Medicine, University of Iceland, Reykjavik<\/p><\/div><\/div>\n<div class='content-column one_half last_column'><div style=\"padding-right:5px;padding-bottom:5px;padding-left:5px;\"><p><strong>Isabell Baumann, <\/strong>Resident Physician, University of Hamburg<\/p>\n<p><strong>Jack Timmons,<\/strong> Doctor of Pharmacy, UCSF<\/p>\n<p><strong>Jan Hilberath, <\/strong>Deputy Head, ICU, University of Tubingen, Tubingen, Germany<\/p>\n<p><strong>Jennifer Colby, <\/strong>Assistant Professor, University of Texas, MD Anderson Cancer Center<\/p>\n<p><strong>Joanna Barkas<\/strong>,\u00a0Medical Student, Tufts University<\/p>\n<p><strong>Katherine H. Walker, <\/strong>Instructor in Medicine, Brigham &amp; Women&#8217;s Hospital, Boston<\/p>\n<p><strong>Koichi Fukunaga,<\/strong> Assistant Professor, Keio University, Tokyo, Japan<\/p>\n<p><strong>Laila Karra<\/strong>, Post-doctorate scholar, The Hebrew University of Jerusalem, Dept. of Pharmacology, Jerusalem, Israel<\/p>\n<p><strong>Laura Basu<\/strong>, Master\u2019s Degree &#8211; Pharmacy, University of Uppsala, Uppsala, Sweden<\/p>\n<p><strong>Lauren Frazer,<\/strong>\u00a0University of North Carolina, NC, USA<\/p>\n<p><strong>Mary Fuhlbrigge,\u00a0<\/strong>Medical School, University of Colorado, USA<\/p>\n<p><strong>Michael Pfeffer,<\/strong> Medical School, University of Queensland \/ Ochsner Health System, New Orleans, LA<\/p>\n<p><strong>Mohib Uddin,<\/strong> Research Scientist, Astra-Zeneca, Stockholm, Sweden<\/p>\n<p><strong>Olaf Eickmeier,<\/strong> Instructor, Goethe University, Frankfurt, Germany<\/p>\n<p><strong>Oliver Haworth,<\/strong> Researcher, William Harvey Research Institute, London, England<\/p>\n<p><strong>Payal Kohli,<\/strong> Cardiology Fellow, University of California San Francisco, San Francisco, CA<\/p>\n<p><strong>Raja-Elie E. Abdulnour,\u00a0<\/strong>Assistant Professor, Brigham &amp; Women&#8217;s Hospital and New England Journal of Medicine, Boston, MA<\/p>\n<p><strong>Rachel Joan Bolognese,\u00a0<\/strong>Medical Student, UMass Medical School, MA<\/p>\n<p><strong>Rebekah Priluck<\/strong>, Medical Student, University of Nebraska School of Medicine, Omaha, NE<\/p>\n<p><strong>Roisin (Rosie) Reilly,\u00a0<\/strong>Medical Student, Washington University in St. Louis, St. Louis, MO<\/p>\n<p><strong>Roxanne Croze<\/strong>, Post-doctorate scholar, UCSF, San Francisco<\/p>\n<p><strong>Sa\u00efsha Ramdour,\u00a0<\/strong>Medical Student, SUNY Upstate School of Medicine<\/p>\n<p><strong>Tania Chiha,\u00a0<\/strong>Internal Medicine Resident, Mount Auburn Hospital, Boston, MA<\/p>\n<p><strong>Troy Carlo,\u00a0<\/strong>Senior Research Scientist, CRISPR Therapeutics, Cambridge MA<\/p><\/div><\/div><div class='clear_column'><\/div>\n","protected":false},"excerpt":{"rendered":"<p>[vc_tta_accordion color=&#8221;white&#8221; active_section=1&#8243; &#8221; collapsible_all=&#8221;true&#8221;][vc_tta_section title=&#8221;LAB MEMBERS&#8221; tab_id=&#8221;1445968286153-b1a19ba9-497c&#8221;] [vc_tta_accordion color=&#8221;white&#8221; active_section=1&#8243; &#8221; collapsible_all=&#8221;true&#8221;][vc_tta_section title=&#8221;Alumni&#8221; tab_id=&#8221;1445968286153-b1a19ba9-497c&#8221;]<\/p>\n","protected":false},"author":3,"featured_media":0,"parent":0,"menu_order":0,"comment_status":"closed","ping_status":"closed","template":"","meta":{"footnotes":""},"class_list":["post-2166","page","type-page","status-publish","hentry","entry","no-media"],"_links":{"self":[{"href":"https:\/\/levylab.bwh.harvard.edu\/index.php?rest_route=\/wp\/v2\/pages\/2166","targetHints":{"allow":["GET"]}}],"collection":[{"href":"https:\/\/levylab.bwh.harvard.edu\/index.php?rest_route=\/wp\/v2\/pages"}],"about":[{"href":"https:\/\/levylab.bwh.harvard.edu\/index.php?rest_route=\/wp\/v2\/types\/page"}],"author":[{"embeddable":true,"href":"https:\/\/levylab.bwh.harvard.edu\/index.php?rest_route=\/wp\/v2\/users\/3"}],"replies":[{"embeddable":true,"href":"https:\/\/levylab.bwh.harvard.edu\/index.php?rest_route=%2Fwp%2Fv2%2Fcomments&post=2166"}],"version-history":[{"count":258,"href":"https:\/\/levylab.bwh.harvard.edu\/index.php?rest_route=\/wp\/v2\/pages\/2166\/revisions"}],"predecessor-version":[{"id":4236,"href":"https:\/\/levylab.bwh.harvard.edu\/index.php?rest_route=\/wp\/v2\/pages\/2166\/revisions\/4236"}],"wp:attachment":[{"href":"https:\/\/levylab.bwh.harvard.edu\/index.php?rest_route=%2Fwp%2Fv2%2Fmedia&parent=2166"}],"curies":[{"name":"wp","href":"https:\/\/api.w.org\/{rel}","templated":true}]}}